{"id":11,"date":"2017-03-22T20:17:44","date_gmt":"2017-03-22T19:17:44","guid":{"rendered":"http:\/\/pertex.be\/?page_id=11"},"modified":"2017-10-11T20:38:00","modified_gmt":"2017-10-11T18:38:00","slug":"une-section-de-page-daccueil","status":"publish","type":"page","link":"https:\/\/pertex.be\/?page_id=11","title":{"rendered":"Pertex est \u00e0 vos c\u00f4t\u00e9s"},"content":{"rendered":"<p>Notre soci\u00e9t\u00e9 est d\u00e9tenue par les personnes actives au sein de celle-ci et les membres de notre \u00e9quipe sont l\u00e0 pour vous aider.<\/p>\n<p>A la r\u00e9ception de la commande, nous nous engageons \u00e0 prendre les contacts n\u00e9cessaires dans les 24 heures afin de traiter les missions qui nous sont confi\u00e9es dans les meilleurs d\u00e9lais.<\/p>\n<p>Dans l&rsquo;hypoth\u00e8se d&rsquo;une mission n\u00e9cessitant plusieurs intervenants nous nous chargeons de coordonner\u00a0le calendrier des r\u00e9unions.<\/p>\n<p><strong>Pour atteindre cet objectif, nos\u00a0valeurs sont\u00a0:<\/strong><\/p>\n<h3>&gt; Int\u00e9grit\u00e9\u00a0:<\/h3>\n<p>La relation entre un expert\u00a0et son client doit reposer sur une confiance mutuelle.<\/p>\n<p>Le bureau\u00a0travaille d\u00e8s lors de fa\u00e7on transparente, en communiquant r\u00e9guli\u00e8rement \u00e0 ses clients les informations relatives \u00e0 leurs dossiers, afin qu\u2019ils aient une vision claire de son \u00e9volution et de son co\u00fbt.<\/p>\n<p>Le bureau\u00a0est disponible et \u00e0 l\u2019\u00e9coute de ses clients. Il veille \u00e9galement au respect des normes d\u00e9ontologiques et particuli\u00e8rement \u00e0 la confidentialit\u00e9.<\/p>\n<h3>&gt;\u00a0Qualit\u00e9\u00a0:<\/h3>\n<p>La diversit\u00e9 et la compl\u00e9mentarit\u00e9 des comp\u00e9tences permet \u00e0 PERTEX\u00a0de viser une haute qualit\u00e9 de travail, en apportant une r\u00e9ponse prompte et adapt\u00e9e \u00e0 vos questions les plus pointues dans tous les types de missions.<\/p>\n<p>Tout en pr\u00e9sentant l\u2019avantage d\u2019une \u00e9quipe pluridisciplinaire, PERTEX\u00a0conserve une dimension humaine qui facilite l\u2019instauration d\u2019une relation de confiance avec le client.<\/p>\n<p>Enfin, le bureau\u00a0vous conseille efficacement tant en ce qui concerne la pr\u00e9vention des sinistres, que dans le r\u00e8glement de ceux-ci.<\/p>\n<h3>&gt; Rigueur\u00a0:<\/h3>\n<p>PERTEX\u00a0met l\u2019accent sur une gestion rigoureuse et efficace des dossiers.<\/p>\n<p>Le bureau\u00a0met \u00e0 votre disposition une infrastructure de qualit\u00e9 et une m\u00e9thodologie de travail performante, permettant un traitement optimal et diligent des dossiers.<\/p>\n<p>PERTEX\u00a0compte \u00e9galement sur une \u00e9quipe administrative, comp\u00e9tente et efficace.<\/p>\n","protected":false},"excerpt":{"rendered":"<p>Notre soci\u00e9t\u00e9 est d\u00e9tenue par les personnes actives au sein de celle-ci et les membres de notre \u00e9quipe sont l\u00e0 pour vous aider. A la r\u00e9ception de la commande, nous nous engageons \u00e0 prendre les contacts n\u00e9cessaires dans les 24 heures afin de traiter les missions qui nous sont confi\u00e9es dans les meilleurs d\u00e9lais. Dans &hellip; <\/p>\n<p class=\"link-more\"><a href=\"https:\/\/pertex.be\/?page_id=11\" class=\"more-link\">Continuer la lecture<span class=\"screen-reader-text\"> de &laquo;&nbsp;Pertex est \u00e0 vos c\u00f4t\u00e9s&nbsp;&raquo;<\/span><\/a><\/p>\n","protected":false},"author":1,"featured_media":33,"parent":0,"menu_order":0,"comment_status":"closed","ping_status":"closed","template":"","meta":[],"_links":{"self":[{"href":"https:\/\/pertex.be\/index.php?rest_route=\/wp\/v2\/pages\/11"}],"collection":[{"href":"https:\/\/pertex.be\/index.php?rest_route=\/wp\/v2\/pages"}],"about":[{"href":"https:\/\/pertex.be\/index.php?rest_route=\/wp\/v2\/types\/page"}],"author":[{"embeddable":true,"href":"https:\/\/pertex.be\/index.php?rest_route=\/wp\/v2\/users\/1"}],"replies":[{"embeddable":true,"href":"https:\/\/pertex.be\/index.php?rest_route=%2Fwp%2Fv2%2Fcomments&post=11"}],"version-history":[{"count":8,"href":"https:\/\/pertex.be\/index.php?rest_route=\/wp\/v2\/pages\/11\/revisions"}],"predecessor-version":[{"id":104,"href":"https:\/\/pertex.be\/index.php?rest_route=\/wp\/v2\/pages\/11\/revisions\/104"}],"wp:featuredmedia":[{"embeddable":true,"href":"https:\/\/pertex.be\/index.php?rest_route=\/wp\/v2\/media\/33"}],"wp:attachment":[{"href":"https:\/\/pertex.be\/index.php?rest_route=%2Fwp%2Fv2%2Fmedia&parent=11"}],"curies":[{"name":"wp","href":"https:\/\/api.w.org\/{rel}","templated":true}]}}