{"id":143,"date":"2018-01-18T13:50:53","date_gmt":"2018-01-18T12:50:53","guid":{"rendered":"http:\/\/pertex.be\/?page_id=143"},"modified":"2021-10-27T17:13:19","modified_gmt":"2021-10-27T15:13:19","slug":"missions-dexpertise","status":"publish","type":"page","link":"https:\/\/pertex.be\/?page_id=143","title":{"rendered":"Missions d&rsquo;expertise"},"content":{"rendered":"<p><strong><u>Dans quels domaines pouvons nous vous aider\u00a0:<\/u><\/strong><\/p>\n<ul>\n<li>Enqu\u00eates et r\u00e8glements de sinistres<\/li>\n<li>Fixation de dommages mat\u00e9riels et immat\u00e9riels<\/li>\n<li>Evaluations pr\u00e9alables des valeurs a assurer (B\u00e2timents)<\/li>\n<li>Expertises techniques<\/li>\n<li>D\u00e9fense de int\u00e9r\u00eats de personnes dans le cadre d\u2019une couverture \u00ab\u00a0protection juridique\u00a0\u00bb<\/li>\n<\/ul>\n<p><strong><u>Dans quel type de police pouvons nous apporter une aide efficace\u00a0:<\/u><\/strong><\/p>\n<ul>\n<li>Police incendie \u00ab\u00a0habitation\u00a0\u00bb<\/li>\n<li>Police incendie \u00ab\u00a0Petites et Moyennes Entreprise<\/li>\n<li>Police \u00ab\u00a0RC familiale\u00a0\u00bb<\/li>\n<li>Police \u00ab\u00a0Responsabilit\u00e9 Civile G\u00e9n\u00e9rale\u00a0\u00bb<\/li>\n<li>Police \u00ab\u00a0Responsabilit\u00e9 Civile Professionnelle\u00a0\u00bb<\/li>\n<li>Police \u00ab\u00a0Responsabilit\u00e9 Civile exploitation\u00a0\u00bb<\/li>\n<li>Police \u00ab\u00a0Responsabilit\u00e9 Civile Apr\u00e8s-livraison\u00a0\u00bb<\/li>\n<li>Police \u00ab\u00a0Responsabilit\u00e9 Civile Objective\u00a0\u00bb<\/li>\n<li>Police \u00ab\u00a0Tous Risques Chantier\u00a0\u00bb<\/li>\n<li>Police \u00ab\u00a0Tous Risques Electroniques et Informatiques<\/li>\n<li>Police \u00ab\u00a0Bris de machines\u00a0\u00bb<\/li>\n<li>Police \u00ab\u00a0Vol\u00a0\u00bb<\/li>\n<\/ul>\n<p><strong><u>Comp\u00e9tences<\/u><\/strong><\/p>\n<p>La plupart des experts Pertex sont architectes ou ing\u00e9nieurs.\u00a0Certains d&rsquo;entre eux disposent de la licence de d\u00e9tective priv\u00e9.\u00a0Parmi eux certains pratiquent le n\u00e9erlandais.\u00a0Tous ont re\u00e7u une formation compl\u00e8te\u00a0 et approfondie tant sur le plan de la connaissance des contrats d&rsquo;assurances que sur le plan juridique.\u00a0L&rsquo;\u00e9quipe est compl\u00e9t\u00e9e par plusieurs experts sp\u00e9cialis\u00e9s qui interviennent ponctuellement pour notre bureau.<\/p>\n","protected":false},"excerpt":{"rendered":"<p>Dans quels domaines pouvons nous vous aider\u00a0: Enqu\u00eates et r\u00e8glements de sinistres Fixation de dommages mat\u00e9riels et immat\u00e9riels Evaluations pr\u00e9alables des valeurs a assurer (B\u00e2timents) Expertises techniques D\u00e9fense de int\u00e9r\u00eats de personnes dans le cadre d\u2019une couverture \u00ab\u00a0protection juridique\u00a0\u00bb Dans quel type de police pouvons nous apporter une aide efficace\u00a0: Police incendie \u00ab\u00a0habitation\u00a0\u00bb Police incendie &hellip; <\/p>\n<p class=\"link-more\"><a href=\"https:\/\/pertex.be\/?page_id=143\" class=\"more-link\">Continuer la lecture<span class=\"screen-reader-text\"> de &laquo;&nbsp;Missions d&rsquo;expertise&nbsp;&raquo;<\/span><\/a><\/p>\n","protected":false},"author":1,"featured_media":168,"parent":8,"menu_order":2,"comment_status":"closed","ping_status":"closed","template":"","meta":[],"_links":{"self":[{"href":"https:\/\/pertex.be\/index.php?rest_route=\/wp\/v2\/pages\/143"}],"collection":[{"href":"https:\/\/pertex.be\/index.php?rest_route=\/wp\/v2\/pages"}],"about":[{"href":"https:\/\/pertex.be\/index.php?rest_route=\/wp\/v2\/types\/page"}],"author":[{"embeddable":true,"href":"https:\/\/pertex.be\/index.php?rest_route=\/wp\/v2\/users\/1"}],"replies":[{"embeddable":true,"href":"https:\/\/pertex.be\/index.php?rest_route=%2Fwp%2Fv2%2Fcomments&post=143"}],"version-history":[{"count":3,"href":"https:\/\/pertex.be\/index.php?rest_route=\/wp\/v2\/pages\/143\/revisions"}],"predecessor-version":[{"id":171,"href":"https:\/\/pertex.be\/index.php?rest_route=\/wp\/v2\/pages\/143\/revisions\/171"}],"up":[{"embeddable":true,"href":"https:\/\/pertex.be\/index.php?rest_route=\/wp\/v2\/pages\/8"}],"wp:featuredmedia":[{"embeddable":true,"href":"https:\/\/pertex.be\/index.php?rest_route=\/wp\/v2\/media\/168"}],"wp:attachment":[{"href":"https:\/\/pertex.be\/index.php?rest_route=%2Fwp%2Fv2%2Fmedia&parent=143"}],"curies":[{"name":"wp","href":"https:\/\/api.w.org\/{rel}","templated":true}]}}