{"id":7,"date":"2017-03-22T20:17:44","date_gmt":"2017-03-22T19:17:44","guid":{"rendered":"http:\/\/pertex.be\/?page_id=7"},"modified":"2017-10-11T20:30:34","modified_gmt":"2017-10-11T18:30:34","slug":"accueil","status":"publish","type":"page","link":"https:\/\/pertex.be\/","title":{"rendered":"Accueil"},"content":{"rendered":"<p>PERTEX\u00a0est un bureau de consultance\u00a0multidisciplinaire qui met son exp\u00e9rience et ses comp\u00e9tences \u00e0 votre disposition.\u00a0Il a pour objectif de vous offrir le meilleur service possible. Dans cette optique,\u00a0il vise l\u2019excellence tant par la qualit\u00e9 de son travail que dans les relations avec ses clients.<\/p>\n<p>&nbsp;<\/p>\n","protected":false},"excerpt":{"rendered":"<p>PERTEX\u00a0est un bureau de consultance\u00a0multidisciplinaire qui met son exp\u00e9rience et ses comp\u00e9tences \u00e0 votre disposition.\u00a0Il a pour objectif de vous offrir le meilleur service possible. Dans cette optique,\u00a0il vise l\u2019excellence tant par la qualit\u00e9 de son travail que dans les relations avec ses clients. &nbsp;<\/p>\n","protected":false},"author":1,"featured_media":0,"parent":0,"menu_order":0,"comment_status":"closed","ping_status":"closed","template":"","meta":[],"_links":{"self":[{"href":"https:\/\/pertex.be\/index.php?rest_route=\/wp\/v2\/pages\/7"}],"collection":[{"href":"https:\/\/pertex.be\/index.php?rest_route=\/wp\/v2\/pages"}],"about":[{"href":"https:\/\/pertex.be\/index.php?rest_route=\/wp\/v2\/types\/page"}],"author":[{"embeddable":true,"href":"https:\/\/pertex.be\/index.php?rest_route=\/wp\/v2\/users\/1"}],"replies":[{"embeddable":true,"href":"https:\/\/pertex.be\/index.php?rest_route=%2Fwp%2Fv2%2Fcomments&post=7"}],"version-history":[{"count":6,"href":"https:\/\/pertex.be\/index.php?rest_route=\/wp\/v2\/pages\/7\/revisions"}],"predecessor-version":[{"id":175,"href":"https:\/\/pertex.be\/index.php?rest_route=\/wp\/v2\/pages\/7\/revisions\/175"}],"wp:attachment":[{"href":"https:\/\/pertex.be\/index.php?rest_route=%2Fwp%2Fv2%2Fmedia&parent=7"}],"curies":[{"name":"wp","href":"https:\/\/api.w.org\/{rel}","templated":true}]}}